{"id":785,"date":"2013-05-20T07:29:22","date_gmt":"2013-05-20T07:29:22","guid":{"rendered":"http:\/\/zimmereiberlin.wordpress.com\/?page_id=1"},"modified":"2013-05-20T07:29:22","modified_gmt":"2013-05-20T07:29:22","slug":"about","status":"publish","type":"page","link":"https:\/\/zimmerei-hilpert.de\/","title":{"rendered":"Herzlich Willkommen bei Zimmerei Hilpert"},"content":{"rendered":"<p>Als traditionsbewusstes junges Unternehmen mit fast 30 Jahren Erfahrung rund um das Thema Holz in und an Geb\u00e4uden unterst\u00fctzen wir Sie professionell und fachm\u00e4nnisch beim Neubau, der Erhaltung oder dem Umbau Ihrer Immobilie.<br \/>\nViele Holzbauteile fertigen wir in unserer Werkstatt vor und k\u00f6nnen somit eine z\u00fcgige Montage garantieren.<br \/>\nWir arbeiten eng mit anderen Gewerken zusammen und k\u00f6nnen Ihnen viele Arbeiten aus einer Hand anbieten. So sparen wir Ihnen Arbeit und Zeit.<\/p>\n<p>Gerne kommen wir zu einem unverbindlichen Beratungsgespr\u00e4ch zu Ihnen, um Ihre W\u00fcnsche und Vorstellungen vor Ort zu besprechen und mit Ihnen gemeinsam die beste Vorgehensweise zu finden.<\/p>\n","protected":false},"excerpt":{"rendered":"<p>Als traditionsbewusstes junges Unternehmen mit fast 30 Jahren Erfahrung rund um das Thema Holz in und an Geb\u00e4uden unterst\u00fctzen wir Sie professionell und fachm\u00e4nnisch beim Neubau, der Erhaltung oder dem Umbau Ihrer Immobilie. Viele Holzbauteile fertigen wir in unserer Werkstatt vor und k\u00f6nnen somit eine z\u00fcgige Montage garantieren. Wir arbeiten eng mit anderen Gewerken zusammen [&hellip;]<\/p>\n","protected":false},"author":1,"featured_media":132,"parent":0,"menu_order":1,"comment_status":"closed","ping_status":"closed","template":"page-templates\/front-page.php","meta":{"footnotes":""},"class_list":["post-785","page","type-page","status-publish","has-post-thumbnail","hentry"],"_links":{"self":[{"href":"https:\/\/zimmerei-hilpert.de\/index.php?rest_route=\/wp\/v2\/pages\/785","targetHints":{"allow":["GET"]}}],"collection":[{"href":"https:\/\/zimmerei-hilpert.de\/index.php?rest_route=\/wp\/v2\/pages"}],"about":[{"href":"https:\/\/zimmerei-hilpert.de\/index.php?rest_route=\/wp\/v2\/types\/page"}],"author":[{"embeddable":true,"href":"https:\/\/zimmerei-hilpert.de\/index.php?rest_route=\/wp\/v2\/users\/1"}],"replies":[{"embeddable":true,"href":"https:\/\/zimmerei-hilpert.de\/index.php?rest_route=%2Fwp%2Fv2%2Fcomments&post=785"}],"version-history":[{"count":1,"href":"https:\/\/zimmerei-hilpert.de\/index.php?rest_route=\/wp\/v2\/pages\/785\/revisions"}],"predecessor-version":[{"id":787,"href":"https:\/\/zimmerei-hilpert.de\/index.php?rest_route=\/wp\/v2\/pages\/785\/revisions\/787"}],"wp:featuredmedia":[{"embeddable":true,"href":"https:\/\/zimmerei-hilpert.de\/index.php?rest_route=\/wp\/v2\/media\/132"}],"wp:attachment":[{"href":"https:\/\/zimmerei-hilpert.de\/index.php?rest_route=%2Fwp%2Fv2%2Fmedia&parent=785"}],"curies":[{"name":"wp","href":"https:\/\/api.w.org\/{rel}","templated":true}]}}