{"id":69,"date":"2013-06-16T20:27:38","date_gmt":"2013-06-16T20:27:38","guid":{"rendered":"http:\/\/zimmerei-hilpert.de\/?page_id=69"},"modified":"2013-06-16T20:27:38","modified_gmt":"2013-06-16T20:27:38","slug":"leistungen","status":"publish","type":"page","link":"https:\/\/zimmerei-hilpert.de\/?page_id=69","title":{"rendered":"Leistungen"},"content":{"rendered":"<p>Einen \u00dcberblick \u00fcber unsere Leistungen erhalten Sie hier. Sollte eine von Ihnen gew\u00fcnschte Leistung nicht hier aufgef\u00fchrt sein oder wenn Sie Fragen zu unseren Leistungen haben, <a title=\"Kontakt\" href=\"http:\/\/zimmerei-hilpert.de\/kontakt\/\" target=\"_blank\" rel=\"noopener\">kontaktieren Sie uns<\/a> gerne.<\/p>\n","protected":false},"excerpt":{"rendered":"<p>Einen \u00dcberblick \u00fcber unsere Leistungen erhalten Sie hier. Sollte eine von Ihnen gew\u00fcnschte Leistung nicht hier aufgef\u00fchrt sein oder wenn Sie Fragen zu unseren Leistungen haben, kontaktieren Sie uns gerne.<\/p>\n","protected":false},"author":1,"featured_media":0,"parent":0,"menu_order":2,"comment_status":"closed","ping_status":"closed","template":"page-templates\/grid-page.php","meta":{"footnotes":""},"class_list":["post-69","page","type-page","status-publish","hentry"],"_links":{"self":[{"href":"https:\/\/zimmerei-hilpert.de\/index.php?rest_route=\/wp\/v2\/pages\/69","targetHints":{"allow":["GET"]}}],"collection":[{"href":"https:\/\/zimmerei-hilpert.de\/index.php?rest_route=\/wp\/v2\/pages"}],"about":[{"href":"https:\/\/zimmerei-hilpert.de\/index.php?rest_route=\/wp\/v2\/types\/page"}],"author":[{"embeddable":true,"href":"https:\/\/zimmerei-hilpert.de\/index.php?rest_route=\/wp\/v2\/users\/1"}],"replies":[{"embeddable":true,"href":"https:\/\/zimmerei-hilpert.de\/index.php?rest_route=%2Fwp%2Fv2%2Fcomments&post=69"}],"version-history":[{"count":0,"href":"https:\/\/zimmerei-hilpert.de\/index.php?rest_route=\/wp\/v2\/pages\/69\/revisions"}],"wp:attachment":[{"href":"https:\/\/zimmerei-hilpert.de\/index.php?rest_route=%2Fwp%2Fv2%2Fmedia&parent=69"}],"curies":[{"name":"wp","href":"https:\/\/api.w.org\/{rel}","templated":true}]}}