{"id":311,"date":"2014-06-11T11:16:08","date_gmt":"2014-06-11T11:16:08","guid":{"rendered":"http:\/\/zimmerei-hilpert.de\/?page_id=311"},"modified":"2014-06-11T11:16:08","modified_gmt":"2014-06-11T11:16:08","slug":"wintergarten-co","status":"publish","type":"page","link":"https:\/\/zimmerei-hilpert.de\/?page_id=311","title":{"rendered":"Winterg\u00e4rten &amp; Co."},"content":{"rendered":"<p>Ein Wintergarten schenkt Ihnen das ganze Jahr \u00fcber mehr N\u00e4he zur Natur und \u2013 ganz nebenbei \u2013 mehr Wohnfl\u00e4che.<br \/>\nQualit\u00e4t und \u00c4sthetik beeinflussen dabei wesentlich, wie lange Sie Freude an Ihrer Investition haben. Wir beraten Sie gerne \u00fcber die M\u00f6glichkeiten, um Ihren Traum vom Wintergarten zu erf\u00fcllen.<\/p>\n<p>Gartenfreuden garantieren auch Grillunterst\u00e4nde und Ger\u00e4teschuppen.<br \/>\n<a title=\"Kontakt\" href=\"http:\/\/zimmerei-hilpert.de\/kontakt\/\" target=\"_blank\" rel=\"noopener\">Sprechen Sie uns einfach darauf an<\/a>.<\/p>\n\n\t\t<style type=\"text\/css\">\n\t\t\t#gallery-1 {\n\t\t\t\tmargin: auto;\n\t\t\t}\n\t\t\t#gallery-1 .gallery-item {\n\t\t\t\tfloat: left;\n\t\t\t\tmargin-top: 10px;\n\t\t\t\ttext-align: center;\n\t\t\t\twidth: 33%;\n\t\t\t}\n\t\t\t#gallery-1 img {\n\t\t\t\tborder: 2px solid #cfcfcf;\n\t\t\t}\n\t\t\t#gallery-1 .gallery-caption {\n\t\t\t\tmargin-left: 0;\n\t\t\t}\n\t\t\t\/* see gallery_shortcode() in wp-includes\/media.php *\/\n\t\t<\/style>\n\t\t<div id='gallery-1' class='gallery galleryid-311 gallery-columns-3 gallery-size-medium'><dl class='gallery-item'>\n\t\t\t<dt class='gallery-icon landscape'>\n\t\t\t\t<a href='https:\/\/zimmerei-hilpert.de\/wp-content\/uploads\/2014\/06\/wintergarten.jpg'><img loading=\"lazy\" decoding=\"async\" width=\"300\" height=\"225\" src=\"https:\/\/zimmerei-hilpert.de\/wp-content\/uploads\/2014\/06\/wintergarten-300x225.jpg\" class=\"attachment-medium size-medium\" alt=\"\" aria-describedby=\"gallery-1-281\" srcset=\"https:\/\/zimmerei-hilpert.de\/wp-content\/uploads\/2014\/06\/wintergarten-300x225.jpg 300w, https:\/\/zimmerei-hilpert.de\/wp-content\/uploads\/2014\/06\/wintergarten-293x220.jpg 293w, https:\/\/zimmerei-hilpert.de\/wp-content\/uploads\/2014\/06\/wintergarten.jpg 640w\" sizes=\"auto, (max-width: 300px) 100vw, 300px\" \/><\/a>\n\t\t\t<\/dt>\n\t\t\t\t<dd class='wp-caption-text gallery-caption' id='gallery-1-281'>\n\t\t\t\tWintergarten\n\t\t\t\t<\/dd><\/dl><dl class='gallery-item'>\n\t\t\t<dt class='gallery-icon landscape'>\n\t\t\t\t<a href='https:\/\/zimmerei-hilpert.de\/wp-content\/uploads\/2021\/02\/img_5204-scaled.jpg'><img loading=\"lazy\" decoding=\"async\" width=\"300\" height=\"225\" src=\"https:\/\/zimmerei-hilpert.de\/wp-content\/uploads\/2021\/02\/img_5204-300x225.jpg\" class=\"attachment-medium size-medium\" alt=\"\" srcset=\"https:\/\/zimmerei-hilpert.de\/wp-content\/uploads\/2021\/02\/img_5204-300x225.jpg 300w, https:\/\/zimmerei-hilpert.de\/wp-content\/uploads\/2021\/02\/img_5204-1024x768.jpg 1024w, https:\/\/zimmerei-hilpert.de\/wp-content\/uploads\/2021\/02\/img_5204-768x576.jpg 768w, https:\/\/zimmerei-hilpert.de\/wp-content\/uploads\/2021\/02\/img_5204-1536x1152.jpg 1536w, https:\/\/zimmerei-hilpert.de\/wp-content\/uploads\/2021\/02\/img_5204-2048x1536.jpg 2048w, https:\/\/zimmerei-hilpert.de\/wp-content\/uploads\/2021\/02\/img_5204-293x220.jpg 293w\" sizes=\"auto, (max-width: 300px) 100vw, 300px\" \/><\/a>\n\t\t\t<\/dt><\/dl><dl class='gallery-item'>\n\t\t\t<dt class='gallery-icon landscape'>\n\t\t\t\t<a href='https:\/\/zimmerei-hilpert.de\/wp-content\/uploads\/2021\/02\/img_5224-scaled.jpg'><img loading=\"lazy\" decoding=\"async\" width=\"300\" height=\"225\" src=\"https:\/\/zimmerei-hilpert.de\/wp-content\/uploads\/2021\/02\/img_5224-300x225.jpg\" class=\"attachment-medium size-medium\" alt=\"\" srcset=\"https:\/\/zimmerei-hilpert.de\/wp-content\/uploads\/2021\/02\/img_5224-300x225.jpg 300w, https:\/\/zimmerei-hilpert.de\/wp-content\/uploads\/2021\/02\/img_5224-1024x768.jpg 1024w, https:\/\/zimmerei-hilpert.de\/wp-content\/uploads\/2021\/02\/img_5224-768x576.jpg 768w, https:\/\/zimmerei-hilpert.de\/wp-content\/uploads\/2021\/02\/img_5224-1536x1152.jpg 1536w, https:\/\/zimmerei-hilpert.de\/wp-content\/uploads\/2021\/02\/img_5224-2048x1536.jpg 2048w, https:\/\/zimmerei-hilpert.de\/wp-content\/uploads\/2021\/02\/img_5224-293x220.jpg 293w\" sizes=\"auto, (max-width: 300px) 100vw, 300px\" \/><\/a>\n\t\t\t<\/dt><\/dl><br style=\"clear: both\" \/><dl class='gallery-item'>\n\t\t\t<dt class='gallery-icon landscape'>\n\t\t\t\t<a href='https:\/\/zimmerei-hilpert.de\/wp-content\/uploads\/2014\/06\/unterstand_gasgrill-scaled.jpg'><img loading=\"lazy\" decoding=\"async\" width=\"300\" height=\"225\" src=\"https:\/\/zimmerei-hilpert.de\/wp-content\/uploads\/2014\/06\/unterstand_gasgrill-300x225.jpg\" class=\"attachment-medium size-medium\" alt=\"\" aria-describedby=\"gallery-1-282\" srcset=\"https:\/\/zimmerei-hilpert.de\/wp-content\/uploads\/2014\/06\/unterstand_gasgrill-300x225.jpg 300w, https:\/\/zimmerei-hilpert.de\/wp-content\/uploads\/2014\/06\/unterstand_gasgrill-1024x768.jpg 1024w, https:\/\/zimmerei-hilpert.de\/wp-content\/uploads\/2014\/06\/unterstand_gasgrill-768x576.jpg 768w, https:\/\/zimmerei-hilpert.de\/wp-content\/uploads\/2014\/06\/unterstand_gasgrill-1536x1152.jpg 1536w, https:\/\/zimmerei-hilpert.de\/wp-content\/uploads\/2014\/06\/unterstand_gasgrill-2048x1536.jpg 2048w, https:\/\/zimmerei-hilpert.de\/wp-content\/uploads\/2014\/06\/unterstand_gasgrill-293x220.jpg 293w\" sizes=\"auto, (max-width: 300px) 100vw, 300px\" \/><\/a>\n\t\t\t<\/dt>\n\t\t\t\t<dd class='wp-caption-text gallery-caption' id='gallery-1-282'>\n\t\t\t\tUnterstand f\u00fcr Gasgrill\n\t\t\t\t<\/dd><\/dl><dl class='gallery-item'>\n\t\t\t<dt class='gallery-icon landscape'>\n\t\t\t\t<a href='https:\/\/zimmerei-hilpert.de\/wp-content\/uploads\/2013\/05\/alim1264-scaled.jpg'><img loading=\"lazy\" decoding=\"async\" width=\"300\" height=\"225\" src=\"https:\/\/zimmerei-hilpert.de\/wp-content\/uploads\/2013\/05\/alim1264-300x225.jpg\" class=\"attachment-medium size-medium\" alt=\"Ger\u00e4te- und Holzschuppen\" aria-describedby=\"gallery-1-28\" srcset=\"https:\/\/zimmerei-hilpert.de\/wp-content\/uploads\/2013\/05\/alim1264-300x225.jpg 300w, https:\/\/zimmerei-hilpert.de\/wp-content\/uploads\/2013\/05\/alim1264-1024x768.jpg 1024w, https:\/\/zimmerei-hilpert.de\/wp-content\/uploads\/2013\/05\/alim1264-768x576.jpg 768w, https:\/\/zimmerei-hilpert.de\/wp-content\/uploads\/2013\/05\/alim1264-1536x1152.jpg 1536w, https:\/\/zimmerei-hilpert.de\/wp-content\/uploads\/2013\/05\/alim1264-2048x1536.jpg 2048w, https:\/\/zimmerei-hilpert.de\/wp-content\/uploads\/2013\/05\/alim1264-293x220.jpg 293w\" sizes=\"auto, (max-width: 300px) 100vw, 300px\" \/><\/a>\n\t\t\t<\/dt>\n\t\t\t\t<dd class='wp-caption-text gallery-caption' id='gallery-1-28'>\n\t\t\t\tGer\u00e4te- und Holzschuppen\n\t\t\t\t<\/dd><\/dl><dl class='gallery-item'>\n\t\t\t<dt class='gallery-icon landscape'>\n\t\t\t\t<a href='https:\/\/zimmerei-hilpert.de\/wp-content\/uploads\/2021\/02\/img_5209-scaled.jpg'><img loading=\"lazy\" decoding=\"async\" width=\"300\" height=\"225\" src=\"https:\/\/zimmerei-hilpert.de\/wp-content\/uploads\/2021\/02\/img_5209-300x225.jpg\" class=\"attachment-medium size-medium\" alt=\"\" srcset=\"https:\/\/zimmerei-hilpert.de\/wp-content\/uploads\/2021\/02\/img_5209-300x225.jpg 300w, https:\/\/zimmerei-hilpert.de\/wp-content\/uploads\/2021\/02\/img_5209-1024x768.jpg 1024w, https:\/\/zimmerei-hilpert.de\/wp-content\/uploads\/2021\/02\/img_5209-768x576.jpg 768w, https:\/\/zimmerei-hilpert.de\/wp-content\/uploads\/2021\/02\/img_5209-1536x1152.jpg 1536w, https:\/\/zimmerei-hilpert.de\/wp-content\/uploads\/2021\/02\/img_5209-2048x1536.jpg 2048w, https:\/\/zimmerei-hilpert.de\/wp-content\/uploads\/2021\/02\/img_5209-293x220.jpg 293w\" sizes=\"auto, (max-width: 300px) 100vw, 300px\" \/><\/a>\n\t\t\t<\/dt><\/dl><br style=\"clear: both\" \/><dl class='gallery-item'>\n\t\t\t<dt class='gallery-icon landscape'>\n\t\t\t\t<a href='https:\/\/zimmerei-hilpert.de\/wp-content\/uploads\/2021\/02\/img_4169-scaled.jpg'><img loading=\"lazy\" decoding=\"async\" width=\"300\" height=\"225\" src=\"https:\/\/zimmerei-hilpert.de\/wp-content\/uploads\/2021\/02\/img_4169-300x225.jpg\" class=\"attachment-medium size-medium\" alt=\"\" srcset=\"https:\/\/zimmerei-hilpert.de\/wp-content\/uploads\/2021\/02\/img_4169-300x225.jpg 300w, https:\/\/zimmerei-hilpert.de\/wp-content\/uploads\/2021\/02\/img_4169-1024x768.jpg 1024w, https:\/\/zimmerei-hilpert.de\/wp-content\/uploads\/2021\/02\/img_4169-768x576.jpg 768w, https:\/\/zimmerei-hilpert.de\/wp-content\/uploads\/2021\/02\/img_4169-1536x1152.jpg 1536w, https:\/\/zimmerei-hilpert.de\/wp-content\/uploads\/2021\/02\/img_4169-2048x1536.jpg 2048w, https:\/\/zimmerei-hilpert.de\/wp-content\/uploads\/2021\/02\/img_4169-293x220.jpg 293w\" sizes=\"auto, (max-width: 300px) 100vw, 300px\" \/><\/a>\n\t\t\t<\/dt><\/dl>\n\t\t\t<br style='clear: both' \/>\n\t\t<\/div>\n\n","protected":false},"excerpt":{"rendered":"<p>Ein Wintergarten schenkt Ihnen das ganze Jahr \u00fcber mehr N\u00e4he zur Natur und \u2013 ganz nebenbei \u2013 mehr Wohnfl\u00e4che. Qualit\u00e4t und \u00c4sthetik beeinflussen dabei wesentlich, wie lange Sie Freude an Ihrer Investition haben. Wir beraten Sie gerne \u00fcber die M\u00f6glichkeiten, um Ihren Traum vom Wintergarten zu erf\u00fcllen. Gartenfreuden garantieren auch Grillunterst\u00e4nde und Ger\u00e4teschuppen. Sprechen Sie [&hellip;]<\/p>\n","protected":false},"author":1,"featured_media":281,"parent":69,"menu_order":12,"comment_status":"closed","ping_status":"closed","template":"page-templates\/full-width-page.php","meta":{"footnotes":""},"class_list":["post-311","page","type-page","status-publish","has-post-thumbnail","hentry"],"_links":{"self":[{"href":"https:\/\/zimmerei-hilpert.de\/index.php?rest_route=\/wp\/v2\/pages\/311","targetHints":{"allow":["GET"]}}],"collection":[{"href":"https:\/\/zimmerei-hilpert.de\/index.php?rest_route=\/wp\/v2\/pages"}],"about":[{"href":"https:\/\/zimmerei-hilpert.de\/index.php?rest_route=\/wp\/v2\/types\/page"}],"author":[{"embeddable":true,"href":"https:\/\/zimmerei-hilpert.de\/index.php?rest_route=\/wp\/v2\/users\/1"}],"replies":[{"embeddable":true,"href":"https:\/\/zimmerei-hilpert.de\/index.php?rest_route=%2Fwp%2Fv2%2Fcomments&post=311"}],"version-history":[{"count":0,"href":"https:\/\/zimmerei-hilpert.de\/index.php?rest_route=\/wp\/v2\/pages\/311\/revisions"}],"up":[{"embeddable":true,"href":"https:\/\/zimmerei-hilpert.de\/index.php?rest_route=\/wp\/v2\/pages\/69"}],"wp:featuredmedia":[{"embeddable":true,"href":"https:\/\/zimmerei-hilpert.de\/index.php?rest_route=\/wp\/v2\/media\/281"}],"wp:attachment":[{"href":"https:\/\/zimmerei-hilpert.de\/index.php?rest_route=%2Fwp%2Fv2%2Fmedia&parent=311"}],"curies":[{"name":"wp","href":"https:\/\/api.w.org\/{rel}","templated":true}]}}