{"id":210,"date":"2014-01-12T14:04:47","date_gmt":"2014-01-12T14:04:47","guid":{"rendered":"http:\/\/zimmerei-hilpert.de\/?page_id=210"},"modified":"2023-03-13T18:33:37","modified_gmt":"2023-03-13T18:33:37","slug":"dachgauben","status":"publish","type":"page","link":"https:\/\/zimmerei-hilpert.de\/?page_id=210","title":{"rendered":"Dachgauben"},"content":{"rendered":"<p>Ob mit Fledermaus-, Schlepp- oder Walmgauben, wir schaffen Ihnen mehr Licht und Nutzraum unter dem Dach.<br \/>\nDamit Ihre Dachgaube nicht nur funktional sondern auch optisch ansprechend gestaltet wird, kommen wir gerne bei Ihnen vorbei und besprechen mit Ihnen pers\u00f6nlich, welche Gaubenform geeignet ist. Nat\u00fcrlich sanieren wir auch Ihre bestehenden Dachgauben.<br \/>\n<a title=\"Kontakt\" href=\"http:\/\/zimmereiberlin.wordpress.com\/kontakt\/\" target=\"_blank\" rel=\"noopener\">Kontaktieren Sie uns<\/a> f\u00fcr ein unverbindliches Beratungsgespr\u00e4ch.<\/p>\n<p>Eine Auswahl unserer Referenzprojekte sehen Sie hier:<\/p>\n\n\t\t<style type=\"text\/css\">\n\t\t\t#gallery-1 {\n\t\t\t\tmargin: auto;\n\t\t\t}\n\t\t\t#gallery-1 .gallery-item {\n\t\t\t\tfloat: left;\n\t\t\t\tmargin-top: 10px;\n\t\t\t\ttext-align: center;\n\t\t\t\twidth: 33%;\n\t\t\t}\n\t\t\t#gallery-1 img {\n\t\t\t\tborder: 2px solid #cfcfcf;\n\t\t\t}\n\t\t\t#gallery-1 .gallery-caption {\n\t\t\t\tmargin-left: 0;\n\t\t\t}\n\t\t\t\/* see gallery_shortcode() in wp-includes\/media.php *\/\n\t\t<\/style>\n\t\t<div id='gallery-1' class='gallery galleryid-210 gallery-columns-3 gallery-size-medium'><dl class='gallery-item'>\n\t\t\t<dt class='gallery-icon landscape'>\n\t\t\t\t<a href='https:\/\/zimmerei-hilpert.de\/wp-content\/uploads\/2014\/06\/fledermausgaube_2-scaled.jpg'><img loading=\"lazy\" decoding=\"async\" width=\"300\" height=\"225\" src=\"https:\/\/zimmerei-hilpert.de\/wp-content\/uploads\/2014\/06\/fledermausgaube_2-300x225.jpg\" class=\"attachment-medium size-medium\" alt=\"\" aria-describedby=\"gallery-1-277\" srcset=\"https:\/\/zimmerei-hilpert.de\/wp-content\/uploads\/2014\/06\/fledermausgaube_2-300x225.jpg 300w, https:\/\/zimmerei-hilpert.de\/wp-content\/uploads\/2014\/06\/fledermausgaube_2-1024x768.jpg 1024w, https:\/\/zimmerei-hilpert.de\/wp-content\/uploads\/2014\/06\/fledermausgaube_2-768x576.jpg 768w, https:\/\/zimmerei-hilpert.de\/wp-content\/uploads\/2014\/06\/fledermausgaube_2-1536x1152.jpg 1536w, https:\/\/zimmerei-hilpert.de\/wp-content\/uploads\/2014\/06\/fledermausgaube_2-2048x1536.jpg 2048w, https:\/\/zimmerei-hilpert.de\/wp-content\/uploads\/2014\/06\/fledermausgaube_2-293x220.jpg 293w\" sizes=\"auto, (max-width: 300px) 100vw, 300px\" \/><\/a>\n\t\t\t<\/dt>\n\t\t\t\t<dd class='wp-caption-text gallery-caption' id='gallery-1-277'>\n\t\t\t\tFledermausgaube\n\t\t\t\t<\/dd><\/dl><dl class='gallery-item'>\n\t\t\t<dt class='gallery-icon landscape'>\n\t\t\t\t<a href='https:\/\/zimmerei-hilpert.de\/wp-content\/uploads\/2014\/06\/fledermausgaube_1-scaled.jpg'><img loading=\"lazy\" decoding=\"async\" width=\"300\" height=\"225\" src=\"https:\/\/zimmerei-hilpert.de\/wp-content\/uploads\/2014\/06\/fledermausgaube_1-300x225.jpg\" class=\"attachment-medium size-medium\" alt=\"\" aria-describedby=\"gallery-1-276\" srcset=\"https:\/\/zimmerei-hilpert.de\/wp-content\/uploads\/2014\/06\/fledermausgaube_1-300x225.jpg 300w, https:\/\/zimmerei-hilpert.de\/wp-content\/uploads\/2014\/06\/fledermausgaube_1-1024x768.jpg 1024w, https:\/\/zimmerei-hilpert.de\/wp-content\/uploads\/2014\/06\/fledermausgaube_1-768x576.jpg 768w, https:\/\/zimmerei-hilpert.de\/wp-content\/uploads\/2014\/06\/fledermausgaube_1-1536x1152.jpg 1536w, https:\/\/zimmerei-hilpert.de\/wp-content\/uploads\/2014\/06\/fledermausgaube_1-2048x1536.jpg 2048w, https:\/\/zimmerei-hilpert.de\/wp-content\/uploads\/2014\/06\/fledermausgaube_1-293x220.jpg 293w\" sizes=\"auto, (max-width: 300px) 100vw, 300px\" \/><\/a>\n\t\t\t<\/dt>\n\t\t\t\t<dd class='wp-caption-text gallery-caption' id='gallery-1-276'>\n\t\t\t\tFledermausgaube Innenansicht\n\t\t\t\t<\/dd><\/dl><dl class='gallery-item'>\n\t\t\t<dt class='gallery-icon landscape'>\n\t\t\t\t<a href='https:\/\/zimmerei-hilpert.de\/wp-content\/uploads\/2014\/06\/img_1182.jpg'><img loading=\"lazy\" decoding=\"async\" width=\"300\" height=\"225\" src=\"https:\/\/zimmerei-hilpert.de\/wp-content\/uploads\/2014\/06\/img_1182-300x225.jpg\" class=\"attachment-medium size-medium\" alt=\"Schleppgaube\" aria-describedby=\"gallery-1-252\" srcset=\"https:\/\/zimmerei-hilpert.de\/wp-content\/uploads\/2014\/06\/img_1182-300x225.jpg 300w, https:\/\/zimmerei-hilpert.de\/wp-content\/uploads\/2014\/06\/img_1182-293x220.jpg 293w, https:\/\/zimmerei-hilpert.de\/wp-content\/uploads\/2014\/06\/img_1182.jpg 600w\" sizes=\"auto, (max-width: 300px) 100vw, 300px\" \/><\/a>\n\t\t\t<\/dt>\n\t\t\t\t<dd class='wp-caption-text gallery-caption' id='gallery-1-252'>\n\t\t\t\tNeubau Schleppgaube\n\t\t\t\t<\/dd><\/dl><br style=\"clear: both\" \/><dl class='gallery-item'>\n\t\t\t<dt class='gallery-icon landscape'>\n\t\t\t\t<a href='https:\/\/zimmerei-hilpert.de\/wp-content\/uploads\/2014\/06\/gaube-scaled.jpg'><img loading=\"lazy\" decoding=\"async\" width=\"300\" height=\"225\" src=\"https:\/\/zimmerei-hilpert.de\/wp-content\/uploads\/2014\/06\/gaube-300x225.jpg\" class=\"attachment-medium size-medium\" alt=\"\" aria-describedby=\"gallery-1-280\" srcset=\"https:\/\/zimmerei-hilpert.de\/wp-content\/uploads\/2014\/06\/gaube-300x225.jpg 300w, https:\/\/zimmerei-hilpert.de\/wp-content\/uploads\/2014\/06\/gaube-1024x768.jpg 1024w, https:\/\/zimmerei-hilpert.de\/wp-content\/uploads\/2014\/06\/gaube-768x576.jpg 768w, https:\/\/zimmerei-hilpert.de\/wp-content\/uploads\/2014\/06\/gaube-1536x1152.jpg 1536w, https:\/\/zimmerei-hilpert.de\/wp-content\/uploads\/2014\/06\/gaube-2048x1536.jpg 2048w, https:\/\/zimmerei-hilpert.de\/wp-content\/uploads\/2014\/06\/gaube-293x220.jpg 293w\" sizes=\"auto, (max-width: 300px) 100vw, 300px\" \/><\/a>\n\t\t\t<\/dt>\n\t\t\t\t<dd class='wp-caption-text gallery-caption' id='gallery-1-280'>\n\t\t\t\tGaubensanierung\n\t\t\t\t<\/dd><\/dl><dl class='gallery-item'>\n\t\t\t<dt class='gallery-icon landscape'>\n\t\t\t\t<a href='https:\/\/zimmerei-hilpert.de\/wp-content\/uploads\/2014\/06\/fledermausgaube_3-scaled.jpg'><img loading=\"lazy\" decoding=\"async\" width=\"300\" height=\"225\" src=\"https:\/\/zimmerei-hilpert.de\/wp-content\/uploads\/2014\/06\/fledermausgaube_3-300x225.jpg\" class=\"attachment-medium size-medium\" alt=\"\" aria-describedby=\"gallery-1-278\" srcset=\"https:\/\/zimmerei-hilpert.de\/wp-content\/uploads\/2014\/06\/fledermausgaube_3-300x225.jpg 300w, https:\/\/zimmerei-hilpert.de\/wp-content\/uploads\/2014\/06\/fledermausgaube_3-1024x768.jpg 1024w, https:\/\/zimmerei-hilpert.de\/wp-content\/uploads\/2014\/06\/fledermausgaube_3-768x576.jpg 768w, https:\/\/zimmerei-hilpert.de\/wp-content\/uploads\/2014\/06\/fledermausgaube_3-1536x1152.jpg 1536w, https:\/\/zimmerei-hilpert.de\/wp-content\/uploads\/2014\/06\/fledermausgaube_3-2048x1536.jpg 2048w, https:\/\/zimmerei-hilpert.de\/wp-content\/uploads\/2014\/06\/fledermausgaube_3-293x220.jpg 293w\" sizes=\"auto, (max-width: 300px) 100vw, 300px\" \/><\/a>\n\t\t\t<\/dt>\n\t\t\t\t<dd class='wp-caption-text gallery-caption' id='gallery-1-278'>\n\t\t\t\tFledermausgaube\n\t\t\t\t<\/dd><\/dl>\n\t\t\t<br style='clear: both' \/>\n\t\t<\/div>\n\n","protected":false},"excerpt":{"rendered":"<p>Ob mit Fledermaus-, Schlepp- oder Walmgauben, wir schaffen Ihnen mehr Licht und Nutzraum unter dem Dach. Damit Ihre Dachgaube nicht nur funktional sondern auch optisch ansprechend gestaltet wird, kommen wir gerne bei Ihnen vorbei und besprechen mit Ihnen pers\u00f6nlich, welche Gaubenform geeignet ist. Nat\u00fcrlich sanieren wir auch Ihre bestehenden Dachgauben. Kontaktieren Sie uns f\u00fcr ein [&hellip;]<\/p>\n","protected":false},"author":1,"featured_media":277,"parent":69,"menu_order":3,"comment_status":"closed","ping_status":"closed","template":"page-templates\/full-width-page.php","meta":{"footnotes":""},"class_list":["post-210","page","type-page","status-publish","has-post-thumbnail","hentry"],"_links":{"self":[{"href":"https:\/\/zimmerei-hilpert.de\/index.php?rest_route=\/wp\/v2\/pages\/210","targetHints":{"allow":["GET"]}}],"collection":[{"href":"https:\/\/zimmerei-hilpert.de\/index.php?rest_route=\/wp\/v2\/pages"}],"about":[{"href":"https:\/\/zimmerei-hilpert.de\/index.php?rest_route=\/wp\/v2\/types\/page"}],"author":[{"embeddable":true,"href":"https:\/\/zimmerei-hilpert.de\/index.php?rest_route=\/wp\/v2\/users\/1"}],"replies":[{"embeddable":true,"href":"https:\/\/zimmerei-hilpert.de\/index.php?rest_route=%2Fwp%2Fv2%2Fcomments&post=210"}],"version-history":[{"count":2,"href":"https:\/\/zimmerei-hilpert.de\/index.php?rest_route=\/wp\/v2\/pages\/210\/revisions"}],"predecessor-version":[{"id":830,"href":"https:\/\/zimmerei-hilpert.de\/index.php?rest_route=\/wp\/v2\/pages\/210\/revisions\/830"}],"up":[{"embeddable":true,"href":"https:\/\/zimmerei-hilpert.de\/index.php?rest_route=\/wp\/v2\/pages\/69"}],"wp:featuredmedia":[{"embeddable":true,"href":"https:\/\/zimmerei-hilpert.de\/index.php?rest_route=\/wp\/v2\/media\/277"}],"wp:attachment":[{"href":"https:\/\/zimmerei-hilpert.de\/index.php?rest_route=%2Fwp%2Fv2%2Fmedia&parent=210"}],"curies":[{"name":"wp","href":"https:\/\/api.w.org\/{rel}","templated":true}]}}