{"id":208,"date":"2014-01-12T13:36:02","date_gmt":"2014-01-12T13:36:02","guid":{"rendered":"http:\/\/zimmerei-hilpert.de\/?page_id=208"},"modified":"2014-01-12T13:36:02","modified_gmt":"2014-01-12T13:36:02","slug":"altbausanierung","status":"publish","type":"page","link":"https:\/\/zimmerei-hilpert.de\/?page_id=208","title":{"rendered":"Altbausanierung"},"content":{"rendered":"<p>Bei der Sanierung eines Altbaus ist Erfahrung, Liebe zum Detail und umfangreiches Fachwissen gefragt. Das gesamte Geb\u00e4ude sollte sorgf\u00e4ltig gesichtet werden. Insbesondere die Dachkonstruktion, Balken, Fu\u00dfb\u00f6den und Treppen m\u00fcssen genau \u00fcberpr\u00fcft werden.<br \/>\n<a title=\"Kontakt\" href=\"http:\/\/zimmerei-hilpert.de\/kontakt\/\" target=\"_blank\" rel=\"noopener\">Wir beraten Sie<\/a> gerne!<\/p>\n<p>Einige unserer Referenzprojekte sehen Sie hier:<\/p>\n\n\t\t<style type=\"text\/css\">\n\t\t\t#gallery-1 {\n\t\t\t\tmargin: auto;\n\t\t\t}\n\t\t\t#gallery-1 .gallery-item {\n\t\t\t\tfloat: left;\n\t\t\t\tmargin-top: 10px;\n\t\t\t\ttext-align: center;\n\t\t\t\twidth: 33%;\n\t\t\t}\n\t\t\t#gallery-1 img {\n\t\t\t\tborder: 2px solid #cfcfcf;\n\t\t\t}\n\t\t\t#gallery-1 .gallery-caption {\n\t\t\t\tmargin-left: 0;\n\t\t\t}\n\t\t\t\/* see gallery_shortcode() in wp-includes\/media.php *\/\n\t\t<\/style>\n\t\t<div id='gallery-1' class='gallery galleryid-208 gallery-columns-3 gallery-size-medium'><dl class='gallery-item'>\n\t\t\t<dt class='gallery-icon landscape'>\n\t\t\t\t<a href='https:\/\/zimmerei-hilpert.de\/wp-content\/uploads\/2014\/06\/denkmalgeschucc88tzt1-scaled.jpg'><img loading=\"lazy\" decoding=\"async\" width=\"300\" height=\"225\" src=\"https:\/\/zimmerei-hilpert.de\/wp-content\/uploads\/2014\/06\/denkmalgeschucc88tzt1-300x225.jpg\" class=\"attachment-medium size-medium\" alt=\"Sanierung denkmalgesch\u00fctzter Dachstuhl\" aria-describedby=\"gallery-1-243\" srcset=\"https:\/\/zimmerei-hilpert.de\/wp-content\/uploads\/2014\/06\/denkmalgeschucc88tzt1-300x225.jpg 300w, https:\/\/zimmerei-hilpert.de\/wp-content\/uploads\/2014\/06\/denkmalgeschucc88tzt1-1024x768.jpg 1024w, https:\/\/zimmerei-hilpert.de\/wp-content\/uploads\/2014\/06\/denkmalgeschucc88tzt1-768x576.jpg 768w, https:\/\/zimmerei-hilpert.de\/wp-content\/uploads\/2014\/06\/denkmalgeschucc88tzt1-1536x1152.jpg 1536w, https:\/\/zimmerei-hilpert.de\/wp-content\/uploads\/2014\/06\/denkmalgeschucc88tzt1-2048x1536.jpg 2048w, https:\/\/zimmerei-hilpert.de\/wp-content\/uploads\/2014\/06\/denkmalgeschucc88tzt1-293x220.jpg 293w\" sizes=\"auto, (max-width: 300px) 100vw, 300px\" \/><\/a>\n\t\t\t<\/dt>\n\t\t\t\t<dd class='wp-caption-text gallery-caption' id='gallery-1-243'>\n\t\t\t\tSanierung denkmalgesch\u00fctzter Dachstuhl\n\t\t\t\t<\/dd><\/dl><dl class='gallery-item'>\n\t\t\t<dt class='gallery-icon landscape'>\n\t\t\t\t<a href='https:\/\/zimmerei-hilpert.de\/wp-content\/uploads\/2014\/06\/fledermausgaube_2-scaled.jpg'><img loading=\"lazy\" decoding=\"async\" width=\"300\" height=\"225\" src=\"https:\/\/zimmerei-hilpert.de\/wp-content\/uploads\/2014\/06\/fledermausgaube_2-300x225.jpg\" class=\"attachment-medium size-medium\" alt=\"\" aria-describedby=\"gallery-1-277\" srcset=\"https:\/\/zimmerei-hilpert.de\/wp-content\/uploads\/2014\/06\/fledermausgaube_2-300x225.jpg 300w, https:\/\/zimmerei-hilpert.de\/wp-content\/uploads\/2014\/06\/fledermausgaube_2-1024x768.jpg 1024w, https:\/\/zimmerei-hilpert.de\/wp-content\/uploads\/2014\/06\/fledermausgaube_2-768x576.jpg 768w, https:\/\/zimmerei-hilpert.de\/wp-content\/uploads\/2014\/06\/fledermausgaube_2-1536x1152.jpg 1536w, https:\/\/zimmerei-hilpert.de\/wp-content\/uploads\/2014\/06\/fledermausgaube_2-2048x1536.jpg 2048w, https:\/\/zimmerei-hilpert.de\/wp-content\/uploads\/2014\/06\/fledermausgaube_2-293x220.jpg 293w\" sizes=\"auto, (max-width: 300px) 100vw, 300px\" \/><\/a>\n\t\t\t<\/dt>\n\t\t\t\t<dd class='wp-caption-text gallery-caption' id='gallery-1-277'>\n\t\t\t\tFledermausgaube\n\t\t\t\t<\/dd><\/dl><dl class='gallery-item'>\n\t\t\t<dt class='gallery-icon landscape'>\n\t\t\t\t<a href='https:\/\/zimmerei-hilpert.de\/wp-content\/uploads\/2014\/06\/breite-schlossdielen-kiefer-scaled.jpg'><img loading=\"lazy\" decoding=\"async\" width=\"300\" height=\"200\" src=\"https:\/\/zimmerei-hilpert.de\/wp-content\/uploads\/2014\/06\/breite-schlossdielen-kiefer-300x200.jpg\" class=\"attachment-medium size-medium\" alt=\"\" aria-describedby=\"gallery-1-295\" srcset=\"https:\/\/zimmerei-hilpert.de\/wp-content\/uploads\/2014\/06\/breite-schlossdielen-kiefer-300x200.jpg 300w, https:\/\/zimmerei-hilpert.de\/wp-content\/uploads\/2014\/06\/breite-schlossdielen-kiefer-1024x683.jpg 1024w, https:\/\/zimmerei-hilpert.de\/wp-content\/uploads\/2014\/06\/breite-schlossdielen-kiefer-768x512.jpg 768w, https:\/\/zimmerei-hilpert.de\/wp-content\/uploads\/2014\/06\/breite-schlossdielen-kiefer-1536x1024.jpg 1536w, https:\/\/zimmerei-hilpert.de\/wp-content\/uploads\/2014\/06\/breite-schlossdielen-kiefer-2048x1365.jpg 2048w, https:\/\/zimmerei-hilpert.de\/wp-content\/uploads\/2014\/06\/breite-schlossdielen-kiefer-330x220.jpg 330w\" sizes=\"auto, (max-width: 300px) 100vw, 300px\" \/><\/a>\n\t\t\t<\/dt>\n\t\t\t\t<dd class='wp-caption-text gallery-caption' id='gallery-1-295'>\n\t\t\t\tBreite Schlossdielen (Kiefer)\n\t\t\t\t<\/dd><\/dl><br style=\"clear: both\" \/><dl class='gallery-item'>\n\t\t\t<dt class='gallery-icon landscape'>\n\t\t\t\t<a href='https:\/\/zimmerei-hilpert.de\/wp-content\/uploads\/2014\/06\/kopfband-scaled.jpg'><img loading=\"lazy\" decoding=\"async\" width=\"300\" height=\"225\" src=\"https:\/\/zimmerei-hilpert.de\/wp-content\/uploads\/2014\/06\/kopfband-300x225.jpg\" class=\"attachment-medium size-medium\" alt=\"\" aria-describedby=\"gallery-1-287\" srcset=\"https:\/\/zimmerei-hilpert.de\/wp-content\/uploads\/2014\/06\/kopfband-300x225.jpg 300w, https:\/\/zimmerei-hilpert.de\/wp-content\/uploads\/2014\/06\/kopfband-1024x768.jpg 1024w, https:\/\/zimmerei-hilpert.de\/wp-content\/uploads\/2014\/06\/kopfband-768x576.jpg 768w, https:\/\/zimmerei-hilpert.de\/wp-content\/uploads\/2014\/06\/kopfband-1536x1152.jpg 1536w, https:\/\/zimmerei-hilpert.de\/wp-content\/uploads\/2014\/06\/kopfband-2048x1536.jpg 2048w, https:\/\/zimmerei-hilpert.de\/wp-content\/uploads\/2014\/06\/kopfband-293x220.jpg 293w\" sizes=\"auto, (max-width: 300px) 100vw, 300px\" \/><\/a>\n\t\t\t<\/dt>\n\t\t\t\t<dd class='wp-caption-text gallery-caption' id='gallery-1-287'>\n\t\t\t\tKopfband\n\t\t\t\t<\/dd><\/dl><dl class='gallery-item'>\n\t\t\t<dt class='gallery-icon landscape'>\n\t\t\t\t<a href='https:\/\/zimmerei-hilpert.de\/wp-content\/uploads\/2014\/06\/stauffenberg-haus-windfeder.jpg'><img loading=\"lazy\" decoding=\"async\" width=\"300\" height=\"225\" src=\"https:\/\/zimmerei-hilpert.de\/wp-content\/uploads\/2014\/06\/stauffenberg-haus-windfeder-300x225.jpg\" class=\"attachment-medium size-medium\" alt=\"\" aria-describedby=\"gallery-1-289\" srcset=\"https:\/\/zimmerei-hilpert.de\/wp-content\/uploads\/2014\/06\/stauffenberg-haus-windfeder-300x225.jpg 300w, https:\/\/zimmerei-hilpert.de\/wp-content\/uploads\/2014\/06\/stauffenberg-haus-windfeder-768x576.jpg 768w, https:\/\/zimmerei-hilpert.de\/wp-content\/uploads\/2014\/06\/stauffenberg-haus-windfeder-293x220.jpg 293w, https:\/\/zimmerei-hilpert.de\/wp-content\/uploads\/2014\/06\/stauffenberg-haus-windfeder.jpg 1024w\" sizes=\"auto, (max-width: 300px) 100vw, 300px\" \/><\/a>\n\t\t\t<\/dt>\n\t\t\t\t<dd class='wp-caption-text gallery-caption' id='gallery-1-289'>\n\t\t\t\tWindfeder\n\t\t\t\t<\/dd><\/dl><dl class='gallery-item'>\n\t\t\t<dt class='gallery-icon landscape'>\n\t\t\t\t<a href='https:\/\/zimmerei-hilpert.de\/wp-content\/uploads\/2014\/06\/dachstuhlsanierung_1.jpg'><img loading=\"lazy\" decoding=\"async\" width=\"300\" height=\"225\" src=\"https:\/\/zimmerei-hilpert.de\/wp-content\/uploads\/2014\/06\/dachstuhlsanierung_1-300x225.jpg\" class=\"attachment-medium size-medium\" alt=\"\" aria-describedby=\"gallery-1-293\" srcset=\"https:\/\/zimmerei-hilpert.de\/wp-content\/uploads\/2014\/06\/dachstuhlsanierung_1-300x225.jpg 300w, https:\/\/zimmerei-hilpert.de\/wp-content\/uploads\/2014\/06\/dachstuhlsanierung_1-768x576.jpg 768w, https:\/\/zimmerei-hilpert.de\/wp-content\/uploads\/2014\/06\/dachstuhlsanierung_1-293x220.jpg 293w, https:\/\/zimmerei-hilpert.de\/wp-content\/uploads\/2014\/06\/dachstuhlsanierung_1.jpg 1024w\" sizes=\"auto, (max-width: 300px) 100vw, 300px\" \/><\/a>\n\t\t\t<\/dt>\n\t\t\t\t<dd class='wp-caption-text gallery-caption' id='gallery-1-293'>\n\t\t\t\tFlugsparrensanierung\n\t\t\t\t<\/dd><\/dl><br style=\"clear: both\" \/>\n\t\t<\/div>\n\n","protected":false},"excerpt":{"rendered":"<p>Bei der Sanierung eines Altbaus ist Erfahrung, Liebe zum Detail und umfangreiches Fachwissen gefragt. Das gesamte Geb\u00e4ude sollte sorgf\u00e4ltig gesichtet werden. Insbesondere die Dachkonstruktion, Balken, Fu\u00dfb\u00f6den und Treppen m\u00fcssen genau \u00fcberpr\u00fcft werden. Wir beraten Sie gerne! Einige unserer Referenzprojekte sehen Sie hier:<\/p>\n","protected":false},"author":1,"featured_media":196,"parent":69,"menu_order":1,"comment_status":"closed","ping_status":"closed","template":"page-templates\/full-width-page.php","meta":{"footnotes":""},"class_list":["post-208","page","type-page","status-publish","has-post-thumbnail","hentry"],"_links":{"self":[{"href":"https:\/\/zimmerei-hilpert.de\/index.php?rest_route=\/wp\/v2\/pages\/208","targetHints":{"allow":["GET"]}}],"collection":[{"href":"https:\/\/zimmerei-hilpert.de\/index.php?rest_route=\/wp\/v2\/pages"}],"about":[{"href":"https:\/\/zimmerei-hilpert.de\/index.php?rest_route=\/wp\/v2\/types\/page"}],"author":[{"embeddable":true,"href":"https:\/\/zimmerei-hilpert.de\/index.php?rest_route=\/wp\/v2\/users\/1"}],"replies":[{"embeddable":true,"href":"https:\/\/zimmerei-hilpert.de\/index.php?rest_route=%2Fwp%2Fv2%2Fcomments&post=208"}],"version-history":[{"count":0,"href":"https:\/\/zimmerei-hilpert.de\/index.php?rest_route=\/wp\/v2\/pages\/208\/revisions"}],"up":[{"embeddable":true,"href":"https:\/\/zimmerei-hilpert.de\/index.php?rest_route=\/wp\/v2\/pages\/69"}],"wp:featuredmedia":[{"embeddable":true,"href":"https:\/\/zimmerei-hilpert.de\/index.php?rest_route=\/wp\/v2\/media\/196"}],"wp:attachment":[{"href":"https:\/\/zimmerei-hilpert.de\/index.php?rest_route=%2Fwp%2Fv2%2Fmedia&parent=208"}],"curies":[{"name":"wp","href":"https:\/\/api.w.org\/{rel}","templated":true}]}}