{"id":156,"date":"2013-10-13T20:22:14","date_gmt":"2013-10-13T20:22:14","guid":{"rendered":"http:\/\/zimmerei-hilpert.de\/?page_id=156"},"modified":"2023-11-03T17:49:29","modified_gmt":"2023-11-03T17:49:29","slug":"impressum","status":"publish","type":"page","link":"https:\/\/zimmerei-hilpert.de\/?page_id=156","title":{"rendered":"Impressum"},"content":{"rendered":"<p><em>Angaben gem. \u00a7 5 TMG<\/em><\/p>\n<p>Frank Hilpert<br \/>\nSachverst\u00e4ndiger f\u00fcr Holzschutz am Bau<br \/>\nReg. Nr. 03020<\/p>\n<p>Zimmerei Hilpert GmbH<br \/>\nBahnhofstr. 158<br \/>\n14532 Stahnsdorf<\/p>\n<p>Telefon: (03329) 6969474<br \/>\nFax: (03329) 6992085<br \/>\nMobil: (0179) 3948068<\/p>\n<p>E-Mail: info[at]zimmerei-hilpert.de<\/p>\n<p>Handwerkskammer Potsdam<br \/>\nBetriebsnummer 116668<br \/>\nSteuernr. 046\/123\/02249<br \/>\nUst-IdNr.: DE362809151<\/p>\n<p>Amtsgericht: Potsdam<\/p>\n<p>Handelsregister\u00a0 HRB 38367 P<\/p>\n<p>Gesch\u00e4ftsf\u00fchrer: Frank Hilpert<\/p>\n<p><strong>Urheberrecht und Haftungshinweis:<\/strong><\/p>\n<p>Das Design der Homepage, die verwendeten Grafiken sowie die Beitr\u00e4ge sind urheberrechtlich gesch\u00fctzt. Die Seiten d\u00fcrfen nur zum privaten Gebrauch vervielf\u00e4ltigt werden. Die einzelnen Beitr\u00e4ge sind ebenfalls urheberrechtlich gesch\u00fctzt. Alle Informationen auf diesem Server erfolgen ohne Gew\u00e4hr f\u00fcr ihre Richtigkeit. In keinem Fall wird f\u00fcr Sch\u00e4den, die sich aus der Verwendung der abgerufenen Informationen ergeben, eine Haftung \u00fcbernommen.<\/p>\n<p>Es wird keine Haftung f\u00fcr die Inhalte externer Links \u00fcbernommen.<br \/>\nF\u00fcr den Inhalt der verlinkten Seiten sind ausschlie\u00dflich die Betreiber der jeweiligen Seiten verantwortlich.<\/p>\n<p><strong>Verwendetes Bildmaterial und Grafiken<\/strong><\/p>\n<p>Quelle f\u00fcr verwendetes Bilder- und Grafikmaterial: Frank Hilpert<\/p>\n<p><strong>Allgemeiner Datenschutz<\/strong><\/p>\n<p>Soweit auf unseren Seiten personenbezogene Daten (beispielsweise Name, Anschrift oder eMail-Adressen) erhoben werden, erfolgt dies, soweit m\u00f6glich, stets auf freiwilliger Basis. Diese Daten werden ohne Ihre ausdr\u00fcckliche Zustimmung nicht an Dritte weitergegeben.<\/p>\n<p>Wir weisen darauf hin, dass die Daten\u00fcbertragung im Internet (z.B. bei der Kommunikation per E-Mail) Sicherheitsl\u00fccken aufweisen kann. Ein l\u00fcckenloser Schutz der Daten vor dem Zugriff durch Dritte ist nicht m\u00f6glich.<\/p>\n<p>Der Nutzung von im Rahmen der Impressumspflicht ver\u00f6ffentlichten Kontaktdaten durch Dritte zur \u00dcbersendung von nicht ausdr\u00fccklich angeforderter Werbung und Informationsmaterialien wird hiermit ausdr\u00fccklich widersprochen. Die Betreiber der Seiten behalten sich ausdr\u00fccklich rechtliche Schritte im Falle der unverlangten Zusendung von Werbeinformationen, etwa durch Spam-Mails, vor.<\/p>\n<p><strong>Verantwortlich f\u00fcr journalistisch-redaktionelle Inhalte gem. \u00a7 55 II RstV<\/strong><\/p>\n<p>Robert Lehmann<br \/>\nChristinendorfer Allee 19<br \/>\n14959 Trebbin<\/p>\n<p>Quellen: eRecht24 Disclaimer, Impressum-Generator der Deutschen Anwaltshotline AG<\/p>\n","protected":false},"excerpt":{"rendered":"<p>Angaben gem. \u00a7 5 TMG Frank Hilpert Sachverst\u00e4ndiger f\u00fcr Holzschutz am Bau Reg. Nr. 03020 Zimmerei Hilpert GmbH Bahnhofstr. 158 14532 Stahnsdorf Telefon: (03329) 6969474 Fax: (03329) 6992085 Mobil: (0179) 3948068 E-Mail: info[at]zimmerei-hilpert.de Handwerkskammer Potsdam Betriebsnummer 116668 Steuernr. 046\/123\/02249 Ust-IdNr.: DE362809151 Amtsgericht: Potsdam Handelsregister\u00a0 HRB 38367 P Gesch\u00e4ftsf\u00fchrer: Frank Hilpert Urheberrecht und Haftungshinweis: Das Design [&hellip;]<\/p>\n","protected":false},"author":1,"featured_media":0,"parent":0,"menu_order":5,"comment_status":"closed","ping_status":"closed","template":"","meta":{"footnotes":""},"class_list":["post-156","page","type-page","status-publish","hentry"],"_links":{"self":[{"href":"https:\/\/zimmerei-hilpert.de\/index.php?rest_route=\/wp\/v2\/pages\/156","targetHints":{"allow":["GET"]}}],"collection":[{"href":"https:\/\/zimmerei-hilpert.de\/index.php?rest_route=\/wp\/v2\/pages"}],"about":[{"href":"https:\/\/zimmerei-hilpert.de\/index.php?rest_route=\/wp\/v2\/types\/page"}],"author":[{"embeddable":true,"href":"https:\/\/zimmerei-hilpert.de\/index.php?rest_route=\/wp\/v2\/users\/1"}],"replies":[{"embeddable":true,"href":"https:\/\/zimmerei-hilpert.de\/index.php?rest_route=%2Fwp%2Fv2%2Fcomments&post=156"}],"version-history":[{"count":3,"href":"https:\/\/zimmerei-hilpert.de\/index.php?rest_route=\/wp\/v2\/pages\/156\/revisions"}],"predecessor-version":[{"id":846,"href":"https:\/\/zimmerei-hilpert.de\/index.php?rest_route=\/wp\/v2\/pages\/156\/revisions\/846"}],"wp:attachment":[{"href":"https:\/\/zimmerei-hilpert.de\/index.php?rest_route=%2Fwp%2Fv2%2Fmedia&parent=156"}],"curies":[{"name":"wp","href":"https:\/\/api.w.org\/{rel}","templated":true}]}}