{"id":122,"date":"2013-08-30T16:01:35","date_gmt":"2013-08-30T16:01:35","guid":{"rendered":"http:\/\/zimmerei-hilpert.de\/?page_id=122"},"modified":"2023-03-12T18:39:42","modified_gmt":"2023-03-12T18:39:42","slug":"holzrahmenbau","status":"publish","type":"page","link":"https:\/\/zimmerei-hilpert.de\/?page_id=122","title":{"rendered":"Holzrahmenbau"},"content":{"rendered":"<p>Der Holzrahmenbau wird auch als auch Holzriegelbau oder Holzst\u00e4nderbauweise bezeichnet und ist eine Weiterentwicklung der Fachwerkbauweise wie sie zu Beginn des 19. Jahrhunderts in den USA \u00fcblich war. Sie gilt heute als bew\u00e4hrtes Hausbausystem, das sich insbesondere durch seine Kosteneffizienz und die individuellen Gestaltungsm\u00f6glichkeiten auszeichnet. Viele Energiesparh\u00e4user und Fertigteilh\u00e4user werden heute in Holzrahmenbauweise gefertigt.<\/p>\n<p>Die einzelnen Bauelemente werden von uns in unserer Werkstatt vorgefertigt und k\u00f6nnen so innerhalb kurzer Zeit bei Ihnen vor Ort verbaut werden.<\/p>\n\n\t\t<style type=\"text\/css\">\n\t\t\t#gallery-1 {\n\t\t\t\tmargin: auto;\n\t\t\t}\n\t\t\t#gallery-1 .gallery-item {\n\t\t\t\tfloat: left;\n\t\t\t\tmargin-top: 10px;\n\t\t\t\ttext-align: center;\n\t\t\t\twidth: 33%;\n\t\t\t}\n\t\t\t#gallery-1 img {\n\t\t\t\tborder: 2px solid #cfcfcf;\n\t\t\t}\n\t\t\t#gallery-1 .gallery-caption {\n\t\t\t\tmargin-left: 0;\n\t\t\t}\n\t\t\t\/* see gallery_shortcode() in wp-includes\/media.php *\/\n\t\t<\/style>\n\t\t<div id='gallery-1' class='gallery galleryid-122 gallery-columns-3 gallery-size-medium'><dl class='gallery-item'>\n\t\t\t<dt class='gallery-icon landscape'>\n\t\t\t\t<a href='https:\/\/zimmerei-hilpert.de\/wp-content\/uploads\/2014\/08\/img_0119-scaled.jpg'><img loading=\"lazy\" decoding=\"async\" width=\"300\" height=\"225\" src=\"https:\/\/zimmerei-hilpert.de\/wp-content\/uploads\/2014\/08\/img_0119-300x225.jpg\" class=\"attachment-medium size-medium\" alt=\"Holzrahmenbau - EG mit W\u00e4nden\" aria-describedby=\"gallery-1-351\" srcset=\"https:\/\/zimmerei-hilpert.de\/wp-content\/uploads\/2014\/08\/img_0119-300x225.jpg 300w, https:\/\/zimmerei-hilpert.de\/wp-content\/uploads\/2014\/08\/img_0119-1024x768.jpg 1024w, https:\/\/zimmerei-hilpert.de\/wp-content\/uploads\/2014\/08\/img_0119-768x576.jpg 768w, https:\/\/zimmerei-hilpert.de\/wp-content\/uploads\/2014\/08\/img_0119-1536x1152.jpg 1536w, https:\/\/zimmerei-hilpert.de\/wp-content\/uploads\/2014\/08\/img_0119-2048x1536.jpg 2048w, https:\/\/zimmerei-hilpert.de\/wp-content\/uploads\/2014\/08\/img_0119-293x220.jpg 293w\" sizes=\"auto, (max-width: 300px) 100vw, 300px\" \/><\/a>\n\t\t\t<\/dt>\n\t\t\t\t<dd class='wp-caption-text gallery-caption' id='gallery-1-351'>\n\t\t\t\tHolzrahmenbau &#8211; EG mit W\u00e4nden\n\t\t\t\t<\/dd><\/dl><dl class='gallery-item'>\n\t\t\t<dt class='gallery-icon landscape'>\n\t\t\t\t<a href='https:\/\/zimmerei-hilpert.de\/wp-content\/uploads\/2023\/03\/staenderwerk-holz.jpg'><img loading=\"lazy\" decoding=\"async\" width=\"300\" height=\"225\" src=\"https:\/\/zimmerei-hilpert.de\/wp-content\/uploads\/2023\/03\/staenderwerk-holz-300x225.jpg\" class=\"attachment-medium size-medium\" alt=\"\" srcset=\"https:\/\/zimmerei-hilpert.de\/wp-content\/uploads\/2023\/03\/staenderwerk-holz-300x225.jpg 300w, https:\/\/zimmerei-hilpert.de\/wp-content\/uploads\/2023\/03\/staenderwerk-holz-1024x768.jpg 1024w, https:\/\/zimmerei-hilpert.de\/wp-content\/uploads\/2023\/03\/staenderwerk-holz-768x576.jpg 768w, https:\/\/zimmerei-hilpert.de\/wp-content\/uploads\/2023\/03\/staenderwerk-holz-293x220.jpg 293w, https:\/\/zimmerei-hilpert.de\/wp-content\/uploads\/2023\/03\/staenderwerk-holz.jpg 1280w\" sizes=\"auto, (max-width: 300px) 100vw, 300px\" \/><\/a>\n\t\t\t<\/dt><\/dl><dl class='gallery-item'>\n\t\t\t<dt class='gallery-icon landscape'>\n\t\t\t\t<a href='https:\/\/zimmerei-hilpert.de\/wp-content\/uploads\/2014\/08\/img_0190-scaled.jpg'><img loading=\"lazy\" decoding=\"async\" width=\"300\" height=\"225\" src=\"https:\/\/zimmerei-hilpert.de\/wp-content\/uploads\/2014\/08\/img_0190-300x225.jpg\" class=\"attachment-medium size-medium\" alt=\"Holzrahmenbau - Fassade\" aria-describedby=\"gallery-1-332\" srcset=\"https:\/\/zimmerei-hilpert.de\/wp-content\/uploads\/2014\/08\/img_0190-300x225.jpg 300w, https:\/\/zimmerei-hilpert.de\/wp-content\/uploads\/2014\/08\/img_0190-1024x768.jpg 1024w, https:\/\/zimmerei-hilpert.de\/wp-content\/uploads\/2014\/08\/img_0190-768x576.jpg 768w, https:\/\/zimmerei-hilpert.de\/wp-content\/uploads\/2014\/08\/img_0190-1536x1152.jpg 1536w, https:\/\/zimmerei-hilpert.de\/wp-content\/uploads\/2014\/08\/img_0190-2048x1536.jpg 2048w, https:\/\/zimmerei-hilpert.de\/wp-content\/uploads\/2014\/08\/img_0190-293x220.jpg 293w\" sizes=\"auto, (max-width: 300px) 100vw, 300px\" \/><\/a>\n\t\t\t<\/dt>\n\t\t\t\t<dd class='wp-caption-text gallery-caption' id='gallery-1-332'>\n\t\t\t\tHolzrahmenbau &#8211; Fassade\n\t\t\t\t<\/dd><\/dl><br style=\"clear: both\" \/><dl class='gallery-item'>\n\t\t\t<dt class='gallery-icon landscape'>\n\t\t\t\t<a href='https:\/\/zimmerei-hilpert.de\/wp-content\/uploads\/2014\/08\/img_0138-scaled.jpg'><img loading=\"lazy\" decoding=\"async\" width=\"300\" height=\"225\" src=\"https:\/\/zimmerei-hilpert.de\/wp-content\/uploads\/2014\/08\/img_0138-300x225.jpg\" class=\"attachment-medium size-medium\" alt=\"Holzrahmenbau - D\u00e4mmung\" aria-describedby=\"gallery-1-338\" srcset=\"https:\/\/zimmerei-hilpert.de\/wp-content\/uploads\/2014\/08\/img_0138-300x225.jpg 300w, https:\/\/zimmerei-hilpert.de\/wp-content\/uploads\/2014\/08\/img_0138-1024x768.jpg 1024w, https:\/\/zimmerei-hilpert.de\/wp-content\/uploads\/2014\/08\/img_0138-768x576.jpg 768w, https:\/\/zimmerei-hilpert.de\/wp-content\/uploads\/2014\/08\/img_0138-1536x1152.jpg 1536w, https:\/\/zimmerei-hilpert.de\/wp-content\/uploads\/2014\/08\/img_0138-2048x1536.jpg 2048w, https:\/\/zimmerei-hilpert.de\/wp-content\/uploads\/2014\/08\/img_0138-293x220.jpg 293w\" sizes=\"auto, (max-width: 300px) 100vw, 300px\" \/><\/a>\n\t\t\t<\/dt>\n\t\t\t\t<dd class='wp-caption-text gallery-caption' id='gallery-1-338'>\n\t\t\t\tHolzrahmenbau &#8211; D\u00e4mmung\n\t\t\t\t<\/dd><\/dl><dl class='gallery-item'>\n\t\t\t<dt class='gallery-icon landscape'>\n\t\t\t\t<a href='https:\/\/zimmerei-hilpert.de\/wp-content\/uploads\/2014\/08\/img_0115-scaled.jpg'><img loading=\"lazy\" decoding=\"async\" width=\"300\" height=\"225\" src=\"https:\/\/zimmerei-hilpert.de\/wp-content\/uploads\/2014\/08\/img_0115-300x225.jpg\" class=\"attachment-medium size-medium\" alt=\"Holzrahmenbau - EG\" aria-describedby=\"gallery-1-355\" srcset=\"https:\/\/zimmerei-hilpert.de\/wp-content\/uploads\/2014\/08\/img_0115-300x225.jpg 300w, https:\/\/zimmerei-hilpert.de\/wp-content\/uploads\/2014\/08\/img_0115-1024x768.jpg 1024w, https:\/\/zimmerei-hilpert.de\/wp-content\/uploads\/2014\/08\/img_0115-768x576.jpg 768w, https:\/\/zimmerei-hilpert.de\/wp-content\/uploads\/2014\/08\/img_0115-1536x1152.jpg 1536w, https:\/\/zimmerei-hilpert.de\/wp-content\/uploads\/2014\/08\/img_0115-2048x1536.jpg 2048w, https:\/\/zimmerei-hilpert.de\/wp-content\/uploads\/2014\/08\/img_0115-293x220.jpg 293w\" sizes=\"auto, (max-width: 300px) 100vw, 300px\" \/><\/a>\n\t\t\t<\/dt>\n\t\t\t\t<dd class='wp-caption-text gallery-caption' id='gallery-1-355'>\n\t\t\t\tHolzrahmenbau &#8211; EG\n\t\t\t\t<\/dd><\/dl><dl class='gallery-item'>\n\t\t\t<dt class='gallery-icon landscape'>\n\t\t\t\t<a href='https:\/\/zimmerei-hilpert.de\/wp-content\/uploads\/2014\/08\/img_0136-scaled.jpg'><img loading=\"lazy\" decoding=\"async\" width=\"300\" height=\"225\" src=\"https:\/\/zimmerei-hilpert.de\/wp-content\/uploads\/2014\/08\/img_0136-300x225.jpg\" class=\"attachment-medium size-medium\" alt=\"Holzrahmenbau - Gesamtansicht mit Ger\u00fcst\" aria-describedby=\"gallery-1-340\" srcset=\"https:\/\/zimmerei-hilpert.de\/wp-content\/uploads\/2014\/08\/img_0136-300x225.jpg 300w, https:\/\/zimmerei-hilpert.de\/wp-content\/uploads\/2014\/08\/img_0136-1024x768.jpg 1024w, https:\/\/zimmerei-hilpert.de\/wp-content\/uploads\/2014\/08\/img_0136-768x576.jpg 768w, https:\/\/zimmerei-hilpert.de\/wp-content\/uploads\/2014\/08\/img_0136-1536x1152.jpg 1536w, https:\/\/zimmerei-hilpert.de\/wp-content\/uploads\/2014\/08\/img_0136-2048x1536.jpg 2048w, https:\/\/zimmerei-hilpert.de\/wp-content\/uploads\/2014\/08\/img_0136-293x220.jpg 293w\" sizes=\"auto, (max-width: 300px) 100vw, 300px\" \/><\/a>\n\t\t\t<\/dt>\n\t\t\t\t<dd class='wp-caption-text gallery-caption' id='gallery-1-340'>\n\t\t\t\tHolzrahmenbau &#8211; Gesamtansicht mit Ger\u00fcst \n\t\t\t\t<\/dd><\/dl><br style=\"clear: both\" \/><dl class='gallery-item'>\n\t\t\t<dt class='gallery-icon landscape'>\n\t\t\t\t<a href='https:\/\/zimmerei-hilpert.de\/wp-content\/uploads\/2014\/08\/img_0114-scaled.jpg'><img loading=\"lazy\" decoding=\"async\" width=\"300\" height=\"225\" src=\"https:\/\/zimmerei-hilpert.de\/wp-content\/uploads\/2014\/08\/img_0114-300x225.jpg\" class=\"attachment-medium size-medium\" alt=\"Holzrahmenbau - Bodenplatte\" aria-describedby=\"gallery-1-356\" srcset=\"https:\/\/zimmerei-hilpert.de\/wp-content\/uploads\/2014\/08\/img_0114-300x225.jpg 300w, https:\/\/zimmerei-hilpert.de\/wp-content\/uploads\/2014\/08\/img_0114-1024x768.jpg 1024w, https:\/\/zimmerei-hilpert.de\/wp-content\/uploads\/2014\/08\/img_0114-768x576.jpg 768w, https:\/\/zimmerei-hilpert.de\/wp-content\/uploads\/2014\/08\/img_0114-1536x1152.jpg 1536w, https:\/\/zimmerei-hilpert.de\/wp-content\/uploads\/2014\/08\/img_0114-2048x1536.jpg 2048w, https:\/\/zimmerei-hilpert.de\/wp-content\/uploads\/2014\/08\/img_0114-293x220.jpg 293w\" sizes=\"auto, (max-width: 300px) 100vw, 300px\" \/><\/a>\n\t\t\t<\/dt>\n\t\t\t\t<dd class='wp-caption-text gallery-caption' id='gallery-1-356'>\n\t\t\t\tHolzrahmenbau &#8211; Bodenplatte\n\t\t\t\t<\/dd><\/dl><dl class='gallery-item'>\n\t\t\t<dt class='gallery-icon landscape'>\n\t\t\t\t<a href='https:\/\/zimmerei-hilpert.de\/wp-content\/uploads\/2014\/08\/img_0149-scaled.jpg'><img loading=\"lazy\" decoding=\"async\" width=\"300\" height=\"225\" src=\"https:\/\/zimmerei-hilpert.de\/wp-content\/uploads\/2014\/08\/img_0149-300x225.jpg\" class=\"attachment-medium size-medium\" alt=\"Holzrahmenbau - Anbringen der Unterdeckplatten\" aria-describedby=\"gallery-1-334\" srcset=\"https:\/\/zimmerei-hilpert.de\/wp-content\/uploads\/2014\/08\/img_0149-300x225.jpg 300w, https:\/\/zimmerei-hilpert.de\/wp-content\/uploads\/2014\/08\/img_0149-1024x768.jpg 1024w, https:\/\/zimmerei-hilpert.de\/wp-content\/uploads\/2014\/08\/img_0149-768x576.jpg 768w, https:\/\/zimmerei-hilpert.de\/wp-content\/uploads\/2014\/08\/img_0149-1536x1152.jpg 1536w, https:\/\/zimmerei-hilpert.de\/wp-content\/uploads\/2014\/08\/img_0149-2048x1536.jpg 2048w, https:\/\/zimmerei-hilpert.de\/wp-content\/uploads\/2014\/08\/img_0149-293x220.jpg 293w\" sizes=\"auto, (max-width: 300px) 100vw, 300px\" \/><\/a>\n\t\t\t<\/dt>\n\t\t\t\t<dd class='wp-caption-text gallery-caption' id='gallery-1-334'>\n\t\t\t\tHolzrahmenbau &#8211; Anbringen der Unterdeckplatten\n\t\t\t\t<\/dd><\/dl><dl class='gallery-item'>\n\t\t\t<dt class='gallery-icon landscape'>\n\t\t\t\t<a href='https:\/\/zimmerei-hilpert.de\/wp-content\/uploads\/2014\/08\/img_0122-scaled.jpg'><img loading=\"lazy\" decoding=\"async\" width=\"300\" height=\"225\" src=\"https:\/\/zimmerei-hilpert.de\/wp-content\/uploads\/2014\/08\/img_0122-300x225.jpg\" class=\"attachment-medium size-medium\" alt=\"Holzrahmenbau - jetzt wird einger\u00fcstet\" aria-describedby=\"gallery-1-349\" srcset=\"https:\/\/zimmerei-hilpert.de\/wp-content\/uploads\/2014\/08\/img_0122-300x225.jpg 300w, https:\/\/zimmerei-hilpert.de\/wp-content\/uploads\/2014\/08\/img_0122-1024x768.jpg 1024w, https:\/\/zimmerei-hilpert.de\/wp-content\/uploads\/2014\/08\/img_0122-768x576.jpg 768w, https:\/\/zimmerei-hilpert.de\/wp-content\/uploads\/2014\/08\/img_0122-1536x1152.jpg 1536w, https:\/\/zimmerei-hilpert.de\/wp-content\/uploads\/2014\/08\/img_0122-2048x1536.jpg 2048w, https:\/\/zimmerei-hilpert.de\/wp-content\/uploads\/2014\/08\/img_0122-293x220.jpg 293w\" sizes=\"auto, (max-width: 300px) 100vw, 300px\" \/><\/a>\n\t\t\t<\/dt>\n\t\t\t\t<dd class='wp-caption-text gallery-caption' id='gallery-1-349'>\n\t\t\t\tHolzrahmenbau &#8211; jetzt wird einger\u00fcstet\n\t\t\t\t<\/dd><\/dl><br style=\"clear: both\" \/><dl class='gallery-item'>\n\t\t\t<dt class='gallery-icon landscape'>\n\t\t\t\t<a href='https:\/\/zimmerei-hilpert.de\/wp-content\/uploads\/2014\/08\/img_0130-scaled.jpg'><img loading=\"lazy\" decoding=\"async\" width=\"300\" height=\"225\" src=\"https:\/\/zimmerei-hilpert.de\/wp-content\/uploads\/2014\/08\/img_0130-300x225.jpg\" class=\"attachment-medium size-medium\" alt=\"Holzrahmenbau - 1. OG\" aria-describedby=\"gallery-1-345\" srcset=\"https:\/\/zimmerei-hilpert.de\/wp-content\/uploads\/2014\/08\/img_0130-300x225.jpg 300w, https:\/\/zimmerei-hilpert.de\/wp-content\/uploads\/2014\/08\/img_0130-1024x768.jpg 1024w, https:\/\/zimmerei-hilpert.de\/wp-content\/uploads\/2014\/08\/img_0130-768x576.jpg 768w, https:\/\/zimmerei-hilpert.de\/wp-content\/uploads\/2014\/08\/img_0130-1536x1152.jpg 1536w, https:\/\/zimmerei-hilpert.de\/wp-content\/uploads\/2014\/08\/img_0130-2048x1536.jpg 2048w, https:\/\/zimmerei-hilpert.de\/wp-content\/uploads\/2014\/08\/img_0130-293x220.jpg 293w\" sizes=\"auto, (max-width: 300px) 100vw, 300px\" \/><\/a>\n\t\t\t<\/dt>\n\t\t\t\t<dd class='wp-caption-text gallery-caption' id='gallery-1-345'>\n\t\t\t\tHolzrahmenbau &#8211; 1. OG \n\t\t\t\t<\/dd><\/dl><dl class='gallery-item'>\n\t\t\t<dt class='gallery-icon landscape'>\n\t\t\t\t<a href='https:\/\/zimmerei-hilpert.de\/wp-content\/uploads\/2014\/08\/img_0151-scaled.jpg'><img loading=\"lazy\" decoding=\"async\" width=\"300\" height=\"225\" src=\"https:\/\/zimmerei-hilpert.de\/wp-content\/uploads\/2014\/08\/img_0151-300x225.jpg\" class=\"attachment-medium size-medium\" alt=\"Innenansicht\" aria-describedby=\"gallery-1-333\" srcset=\"https:\/\/zimmerei-hilpert.de\/wp-content\/uploads\/2014\/08\/img_0151-300x225.jpg 300w, https:\/\/zimmerei-hilpert.de\/wp-content\/uploads\/2014\/08\/img_0151-1024x768.jpg 1024w, https:\/\/zimmerei-hilpert.de\/wp-content\/uploads\/2014\/08\/img_0151-768x576.jpg 768w, https:\/\/zimmerei-hilpert.de\/wp-content\/uploads\/2014\/08\/img_0151-1536x1152.jpg 1536w, https:\/\/zimmerei-hilpert.de\/wp-content\/uploads\/2014\/08\/img_0151-2048x1536.jpg 2048w, https:\/\/zimmerei-hilpert.de\/wp-content\/uploads\/2014\/08\/img_0151-293x220.jpg 293w\" sizes=\"auto, (max-width: 300px) 100vw, 300px\" \/><\/a>\n\t\t\t<\/dt>\n\t\t\t\t<dd class='wp-caption-text gallery-caption' id='gallery-1-333'>\n\t\t\t\tInnenansicht\n\t\t\t\t<\/dd><\/dl><dl class='gallery-item'>\n\t\t\t<dt class='gallery-icon landscape'>\n\t\t\t\t<a href='https:\/\/zimmerei-hilpert.de\/wp-content\/uploads\/2014\/08\/img_0147-scaled.jpg'><img loading=\"lazy\" decoding=\"async\" width=\"300\" height=\"225\" src=\"https:\/\/zimmerei-hilpert.de\/wp-content\/uploads\/2014\/08\/img_0147-300x225.jpg\" class=\"attachment-medium size-medium\" alt=\"Holzrahmenbau - D\u00e4mmung im Detail\" aria-describedby=\"gallery-1-336\" srcset=\"https:\/\/zimmerei-hilpert.de\/wp-content\/uploads\/2014\/08\/img_0147-300x225.jpg 300w, https:\/\/zimmerei-hilpert.de\/wp-content\/uploads\/2014\/08\/img_0147-1024x768.jpg 1024w, https:\/\/zimmerei-hilpert.de\/wp-content\/uploads\/2014\/08\/img_0147-768x576.jpg 768w, https:\/\/zimmerei-hilpert.de\/wp-content\/uploads\/2014\/08\/img_0147-1536x1152.jpg 1536w, https:\/\/zimmerei-hilpert.de\/wp-content\/uploads\/2014\/08\/img_0147-2048x1536.jpg 2048w, https:\/\/zimmerei-hilpert.de\/wp-content\/uploads\/2014\/08\/img_0147-293x220.jpg 293w\" sizes=\"auto, (max-width: 300px) 100vw, 300px\" \/><\/a>\n\t\t\t<\/dt>\n\t\t\t\t<dd class='wp-caption-text gallery-caption' id='gallery-1-336'>\n\t\t\t\tHolzrahmenbau &#8211; D\u00e4mmung im Detail\n\t\t\t\t<\/dd><\/dl><br style=\"clear: both\" \/><dl class='gallery-item'>\n\t\t\t<dt class='gallery-icon landscape'>\n\t\t\t\t<a href='https:\/\/zimmerei-hilpert.de\/wp-content\/uploads\/2014\/08\/img_0132-scaled.jpg'><img loading=\"lazy\" decoding=\"async\" width=\"300\" height=\"225\" src=\"https:\/\/zimmerei-hilpert.de\/wp-content\/uploads\/2014\/08\/img_0132-300x225.jpg\" class=\"attachment-medium size-medium\" alt=\"Holzrahmenbau - Fenster\" aria-describedby=\"gallery-1-343\" srcset=\"https:\/\/zimmerei-hilpert.de\/wp-content\/uploads\/2014\/08\/img_0132-300x225.jpg 300w, https:\/\/zimmerei-hilpert.de\/wp-content\/uploads\/2014\/08\/img_0132-1024x768.jpg 1024w, https:\/\/zimmerei-hilpert.de\/wp-content\/uploads\/2014\/08\/img_0132-768x576.jpg 768w, https:\/\/zimmerei-hilpert.de\/wp-content\/uploads\/2014\/08\/img_0132-1536x1152.jpg 1536w, https:\/\/zimmerei-hilpert.de\/wp-content\/uploads\/2014\/08\/img_0132-2048x1536.jpg 2048w, https:\/\/zimmerei-hilpert.de\/wp-content\/uploads\/2014\/08\/img_0132-293x220.jpg 293w\" sizes=\"auto, (max-width: 300px) 100vw, 300px\" \/><\/a>\n\t\t\t<\/dt>\n\t\t\t\t<dd class='wp-caption-text gallery-caption' id='gallery-1-343'>\n\t\t\t\tHolzrahmenbau &#8211; Fenster\n\t\t\t\t<\/dd><\/dl><dl class='gallery-item'>\n\t\t\t<dt class='gallery-icon landscape'>\n\t\t\t\t<a href='https:\/\/zimmerei-hilpert.de\/wp-content\/uploads\/2014\/08\/img_0193-scaled.jpg'><img loading=\"lazy\" decoding=\"async\" width=\"300\" height=\"225\" src=\"https:\/\/zimmerei-hilpert.de\/wp-content\/uploads\/2014\/08\/img_0193-300x225.jpg\" class=\"attachment-medium size-medium\" alt=\"Holzrahmenbau - Innenansicht\" aria-describedby=\"gallery-1-329\" srcset=\"https:\/\/zimmerei-hilpert.de\/wp-content\/uploads\/2014\/08\/img_0193-300x225.jpg 300w, https:\/\/zimmerei-hilpert.de\/wp-content\/uploads\/2014\/08\/img_0193-1024x768.jpg 1024w, https:\/\/zimmerei-hilpert.de\/wp-content\/uploads\/2014\/08\/img_0193-768x576.jpg 768w, https:\/\/zimmerei-hilpert.de\/wp-content\/uploads\/2014\/08\/img_0193-1536x1152.jpg 1536w, https:\/\/zimmerei-hilpert.de\/wp-content\/uploads\/2014\/08\/img_0193-2048x1536.jpg 2048w, https:\/\/zimmerei-hilpert.de\/wp-content\/uploads\/2014\/08\/img_0193-293x220.jpg 293w\" sizes=\"auto, (max-width: 300px) 100vw, 300px\" \/><\/a>\n\t\t\t<\/dt>\n\t\t\t\t<dd class='wp-caption-text gallery-caption' id='gallery-1-329'>\n\t\t\t\tHolzrahmenbau &#8211; Innenansicht\n\t\t\t\t<\/dd><\/dl>\n\t\t\t<br style='clear: both' \/>\n\t\t<\/div>\n\n","protected":false},"excerpt":{"rendered":"<p>Der Holzrahmenbau wird auch als auch Holzriegelbau oder Holzst\u00e4nderbauweise bezeichnet und ist eine Weiterentwicklung der Fachwerkbauweise wie sie zu Beginn des 19. Jahrhunderts in den USA \u00fcblich war. Sie gilt heute als bew\u00e4hrtes Hausbausystem, das sich insbesondere durch seine Kosteneffizienz und die individuellen Gestaltungsm\u00f6glichkeiten auszeichnet. Viele Energiesparh\u00e4user und Fertigteilh\u00e4user werden heute in Holzrahmenbauweise gefertigt. Die [&hellip;]<\/p>\n","protected":false},"author":1,"featured_media":343,"parent":69,"menu_order":10,"comment_status":"closed","ping_status":"closed","template":"page-templates\/full-width-page.php","meta":{"footnotes":""},"class_list":["post-122","page","type-page","status-publish","has-post-thumbnail","hentry"],"_links":{"self":[{"href":"https:\/\/zimmerei-hilpert.de\/index.php?rest_route=\/wp\/v2\/pages\/122","targetHints":{"allow":["GET"]}}],"collection":[{"href":"https:\/\/zimmerei-hilpert.de\/index.php?rest_route=\/wp\/v2\/pages"}],"about":[{"href":"https:\/\/zimmerei-hilpert.de\/index.php?rest_route=\/wp\/v2\/types\/page"}],"author":[{"embeddable":true,"href":"https:\/\/zimmerei-hilpert.de\/index.php?rest_route=\/wp\/v2\/users\/1"}],"replies":[{"embeddable":true,"href":"https:\/\/zimmerei-hilpert.de\/index.php?rest_route=%2Fwp%2Fv2%2Fcomments&post=122"}],"version-history":[{"count":1,"href":"https:\/\/zimmerei-hilpert.de\/index.php?rest_route=\/wp\/v2\/pages\/122\/revisions"}],"predecessor-version":[{"id":827,"href":"https:\/\/zimmerei-hilpert.de\/index.php?rest_route=\/wp\/v2\/pages\/122\/revisions\/827"}],"up":[{"embeddable":true,"href":"https:\/\/zimmerei-hilpert.de\/index.php?rest_route=\/wp\/v2\/pages\/69"}],"wp:featuredmedia":[{"embeddable":true,"href":"https:\/\/zimmerei-hilpert.de\/index.php?rest_route=\/wp\/v2\/media\/343"}],"wp:attachment":[{"href":"https:\/\/zimmerei-hilpert.de\/index.php?rest_route=%2Fwp%2Fv2%2Fmedia&parent=122"}],"curies":[{"name":"wp","href":"https:\/\/api.w.org\/{rel}","templated":true}]}}